{"id":61,"date":"2025-10-03T11:30:43","date_gmt":"2025-10-03T09:30:43","guid":{"rendered":"https:\/\/kszd.pl\/?page_id=61"},"modified":"2025-11-13T15:00:24","modified_gmt":"2025-11-13T14:00:24","slug":"badania-focusowe-postrzeganie-fast-foodow-i-slodyczy-wsrod-dzieci-i-mlodziezy","status":"publish","type":"page","link":"https:\/\/kszd.pl\/?page_id=61","title":{"rendered":"Badania Focusowe \u2013 Postrzeganie fast food\u00f3w i s\u0142odyczy w\u015br\u00f3d dzieci i m\u0142odzie\u017cy"},"content":{"rendered":"","protected":false},"excerpt":{"rendered":"","protected":false},"author":2,"featured_media":0,"parent":12,"menu_order":0,"comment_status":"closed","ping_status":"closed","template":"","meta":{"footnotes":""},"class_list":["post-61","page","type-page","status-publish","hentry"],"rttpg_featured_image_url":null,"rttpg_author":{"display_name":"Maciej Wa\u0142\u0119sa","author_link":"https:\/\/kszd.pl\/?author=2"},"rttpg_comment":0,"rttpg_category":null,"rttpg_excerpt":null,"_links":{"self":[{"href":"https:\/\/kszd.pl\/index.php?rest_route=\/wp\/v2\/pages\/61","targetHints":{"allow":["GET"]}}],"collection":[{"href":"https:\/\/kszd.pl\/index.php?rest_route=\/wp\/v2\/pages"}],"about":[{"href":"https:\/\/kszd.pl\/index.php?rest_route=\/wp\/v2\/types\/page"}],"author":[{"embeddable":true,"href":"https:\/\/kszd.pl\/index.php?rest_route=\/wp\/v2\/users\/2"}],"replies":[{"embeddable":true,"href":"https:\/\/kszd.pl\/index.php?rest_route=%2Fwp%2Fv2%2Fcomments&post=61"}],"version-history":[{"count":1,"href":"https:\/\/kszd.pl\/index.php?rest_route=\/wp\/v2\/pages\/61\/revisions"}],"predecessor-version":[{"id":104,"href":"https:\/\/kszd.pl\/index.php?rest_route=\/wp\/v2\/pages\/61\/revisions\/104"}],"up":[{"embeddable":true,"href":"https:\/\/kszd.pl\/index.php?rest_route=\/wp\/v2\/pages\/12"}],"wp:attachment":[{"href":"https:\/\/kszd.pl\/index.php?rest_route=%2Fwp%2Fv2%2Fmedia&parent=61"}],"curies":[{"name":"wp","href":"https:\/\/api.w.org\/{rel}","templated":true}]}}