{"id":112,"date":"2025-10-03T11:30:55","date_gmt":"2025-10-03T09:30:55","guid":{"rendered":"https:\/\/kszd.pl\/?page_id=112"},"modified":"2025-11-13T14:34:48","modified_gmt":"2025-11-13T13:34:48","slug":"warsztaty-insulinoopornosc-lepiej-zapobiegac-niz-leczyc","status":"publish","type":"page","link":"https:\/\/kszd.pl\/?page_id=112","title":{"rendered":"Warsztaty \u2013 Insulinooporno\u015b\u0107 \u2013 lepiej zapobiega\u0107 ni\u017c leczy\u0107"},"content":{"rendered":"","protected":false},"excerpt":{"rendered":"","protected":false},"author":2,"featured_media":0,"parent":12,"menu_order":0,"comment_status":"closed","ping_status":"closed","template":"","meta":{"footnotes":""},"class_list":["post-112","page","type-page","status-publish","hentry"],"rttpg_featured_image_url":null,"rttpg_author":{"display_name":"Maciej Wa\u0142\u0119sa","author_link":"https:\/\/kszd.pl\/?author=2"},"rttpg_comment":0,"rttpg_category":null,"rttpg_excerpt":null,"_links":{"self":[{"href":"https:\/\/kszd.pl\/index.php?rest_route=\/wp\/v2\/pages\/112","targetHints":{"allow":["GET"]}}],"collection":[{"href":"https:\/\/kszd.pl\/index.php?rest_route=\/wp\/v2\/pages"}],"about":[{"href":"https:\/\/kszd.pl\/index.php?rest_route=\/wp\/v2\/types\/page"}],"author":[{"embeddable":true,"href":"https:\/\/kszd.pl\/index.php?rest_route=\/wp\/v2\/users\/2"}],"replies":[{"embeddable":true,"href":"https:\/\/kszd.pl\/index.php?rest_route=%2Fwp%2Fv2%2Fcomments&post=112"}],"version-history":[{"count":1,"href":"https:\/\/kszd.pl\/index.php?rest_route=\/wp\/v2\/pages\/112\/revisions"}],"predecessor-version":[{"id":113,"href":"https:\/\/kszd.pl\/index.php?rest_route=\/wp\/v2\/pages\/112\/revisions\/113"}],"up":[{"embeddable":true,"href":"https:\/\/kszd.pl\/index.php?rest_route=\/wp\/v2\/pages\/12"}],"wp:attachment":[{"href":"https:\/\/kszd.pl\/index.php?rest_route=%2Fwp%2Fv2%2Fmedia&parent=112"}],"curies":[{"name":"wp","href":"https:\/\/api.w.org\/{rel}","templated":true}]}}